{"id":7079,"date":"2024-09-19T13:43:34","date_gmt":"2024-09-19T13:43:34","guid":{"rendered":"https:\/\/www.haciendaalbae.com\/producto\/hacienda-albae-tempranillo-2\/"},"modified":"2026-02-15T12:38:18","modified_gmt":"2026-02-15T12:38:18","slug":"hacienda-albae-tempranillo","status":"publish","type":"product","link":"https:\/\/www.haciendaalbae.com\/en\/product\/hacienda-albae-tempranillo\/","title":{"rendered":"Hacienda Albae Tempranillo"},"content":{"rendered":"","protected":false},"excerpt":{"rendered":"<p style=\"text-align: justify;\"><strong>Winemaking<\/strong>:<\/p>\n<p style=\"text-align: justify;\">Harvest at night. Cold pre-fermentation maceration for 48 hours. Temperature controlled fermentation. Very gentle and constant handling of the skins during fermentation to control the extraction of tannins. After malolactic fermentation, ageing in 225 litre American oak barrels for 6 months. Very gentle filtering.<\/p>\n<p>&nbsp;<\/p>\n<p><strong>Hectares planted<\/strong>: 20 Has<br \/>\n<strong>Harvest at night<\/strong>: S\u00ed<br \/>\n<strong>Average production<\/strong>: 500 Kg\/ Ha<\/p>\n<p>&nbsp;<\/p>\n<p><strong>Awards<\/strong>:<\/p>\n<p>90 PUNTOS \u2013 GUIA INTERVINOS 2024<br \/>\nGOLD MEDAL \u2013 Gilbert &#038; Gaillard 2023<br \/>\n87 PUNTOS \u2013 PE\u00d1IN 2022<br \/>\nGOLD MEDAL 2019 \u2013 Wine Up guide<br \/>\nGOLD MEDAL 2018 &#8211; Gilbert &amp; Gaillard 2018<br \/>\nPLATA 2018 \/ Premios BACCHUS<br \/>\nBRONZE 2018 \/ IWSC Awards<br \/>\nGOLD MEDAL 2021 \/ Wine up guide<\/p>\n<p>&nbsp;<\/p>\n[button size=\"large\" link=\"https:\/\/vinopremier.com\/vino-tinto-hacienda-albae-tempranillo.html\" target=\"_blank\" hover_type=\"default\" text_align=\"left\" text=\"BUY\" color=\"#FFFFFF\" background_color=\"#B2936D\" border_radius=\"10\" hover_background_color=\"#B2936D\" border_color=\"#B2936D\" hover_border_color=\"#B2936D\"]\n","protected":false},"featured_media":6956,"template":"","meta":[],"product_brand":[],"product_cat":[922],"product_tag":[],"class_list":{"0":"post-7079","1":"product","2":"type-product","3":"status-publish","4":"has-post-thumbnail","6":"product_cat-family-vintage-en","8":"first","9":"instock","10":"shipping-taxable","11":"purchasable","12":"product-type-simple"},"group_of_quantity":0,"min_quantity":0,"max_quantity":"","exclude_order_quantity_value_rules":"no","exclude_category_quantity_rules":"no","combine_variations":"no","yoast_head":"<!-- This site is optimized with the Yoast SEO plugin v27.4 - https:\/\/yoast.com\/product\/yoast-seo-wordpress\/ -->\n<title>Hacienda Albae Tempranillo | Hacienda Albae<\/title>\n<meta name=\"description\" content=\"We make harvest at night. Cold pre-fermentation maceration for 48 hours. Very gentle and constant handling of the skins during fermentation.\" \/>\n<meta name=\"robots\" content=\"index, follow, max-snippet:-1, max-image-preview:large, max-video-preview:-1\" \/>\n<link rel=\"canonical\" href=\"https:\/\/www.haciendaalbae.com\/en\/product\/hacienda-albae-tempranillo\/\" \/>\n<meta property=\"og:locale\" content=\"en_US\" \/>\n<meta property=\"og:type\" content=\"article\" \/>\n<meta property=\"og:title\" content=\"Hacienda Albae Tempranillo | Hacienda Albae\" \/>\n<meta property=\"og:description\" content=\"We make harvest at night. Cold pre-fermentation maceration for 48 hours. Very gentle and constant handling of the skins during fermentation.\" \/>\n<meta property=\"og:url\" content=\"https:\/\/www.haciendaalbae.com\/en\/product\/hacienda-albae-tempranillo\/\" \/>\n<meta property=\"og:site_name\" content=\"Hacienda Albae\" \/>\n<meta property=\"article:modified_time\" content=\"2026-02-15T12:38:18+00:00\" \/>\n<meta property=\"og:image\" content=\"https:\/\/www.haciendaalbae.com\/wp-content\/uploads\/2024\/09\/albae_tempranillo.jpg\" \/>\n\t<meta property=\"og:image:width\" content=\"800\" \/>\n\t<meta property=\"og:image:height\" content=\"1043\" \/>\n\t<meta property=\"og:image:type\" content=\"image\/jpeg\" \/>\n<meta name=\"twitter:card\" content=\"summary_large_image\" \/>\n<meta name=\"twitter:label1\" content=\"Est. reading time\" \/>\n\t<meta name=\"twitter:data1\" content=\"1 minute\" \/>\n<script type=\"application\/ld+json\" class=\"yoast-schema-graph\">{\"@context\":\"https:\\\/\\\/schema.org\",\"@graph\":[{\"@type\":\"WebPage\",\"@id\":\"https:\\\/\\\/www.haciendaalbae.com\\\/en\\\/product\\\/hacienda-albae-tempranillo\\\/\",\"url\":\"https:\\\/\\\/www.haciendaalbae.com\\\/en\\\/product\\\/hacienda-albae-tempranillo\\\/\",\"name\":\"Hacienda Albae Tempranillo | Hacienda Albae\",\"isPartOf\":{\"@id\":\"https:\\\/\\\/www.haciendaalbae.com\\\/en\\\/#website\"},\"primaryImageOfPage\":{\"@id\":\"https:\\\/\\\/www.haciendaalbae.com\\\/en\\\/product\\\/hacienda-albae-tempranillo\\\/#primaryimage\"},\"image\":{\"@id\":\"https:\\\/\\\/www.haciendaalbae.com\\\/en\\\/product\\\/hacienda-albae-tempranillo\\\/#primaryimage\"},\"thumbnailUrl\":\"https:\\\/\\\/www.haciendaalbae.com\\\/wp-content\\\/uploads\\\/2024\\\/09\\\/albae_tempranillo.jpg\",\"datePublished\":\"2024-09-19T13:43:34+00:00\",\"dateModified\":\"2026-02-15T12:38:18+00:00\",\"description\":\"We make harvest at night. Cold pre-fermentation maceration for 48 hours. Very gentle and constant handling of the skins during fermentation.\",\"breadcrumb\":{\"@id\":\"https:\\\/\\\/www.haciendaalbae.com\\\/en\\\/product\\\/hacienda-albae-tempranillo\\\/#breadcrumb\"},\"inLanguage\":\"en-US\",\"potentialAction\":[{\"@type\":\"ReadAction\",\"target\":[\"https:\\\/\\\/www.haciendaalbae.com\\\/en\\\/product\\\/hacienda-albae-tempranillo\\\/\"]}]},{\"@type\":\"ImageObject\",\"inLanguage\":\"en-US\",\"@id\":\"https:\\\/\\\/www.haciendaalbae.com\\\/en\\\/product\\\/hacienda-albae-tempranillo\\\/#primaryimage\",\"url\":\"https:\\\/\\\/www.haciendaalbae.com\\\/wp-content\\\/uploads\\\/2024\\\/09\\\/albae_tempranillo.jpg\",\"contentUrl\":\"https:\\\/\\\/www.haciendaalbae.com\\\/wp-content\\\/uploads\\\/2024\\\/09\\\/albae_tempranillo.jpg\",\"width\":800,\"height\":1043},{\"@type\":\"BreadcrumbList\",\"@id\":\"https:\\\/\\\/www.haciendaalbae.com\\\/en\\\/product\\\/hacienda-albae-tempranillo\\\/#breadcrumb\",\"itemListElement\":[{\"@type\":\"ListItem\",\"position\":1,\"name\":\"Portada\",\"item\":\"https:\\\/\\\/www.haciendaalbae.com\\\/en\\\/\"},{\"@type\":\"ListItem\",\"position\":2,\"name\":\"Our Wines\",\"item\":\"https:\\\/\\\/www.haciendaalbae.com\\\/en\\\/our-wines\\\/\"},{\"@type\":\"ListItem\",\"position\":3,\"name\":\"Hacienda Albae Tempranillo\"}]},{\"@type\":\"WebSite\",\"@id\":\"https:\\\/\\\/www.haciendaalbae.com\\\/en\\\/#website\",\"url\":\"https:\\\/\\\/www.haciendaalbae.com\\\/en\\\/\",\"name\":\"Hacienda Albae\",\"description\":\"Hacienda Albae es m\u00e1s que una bodega, es un entorno dedicado al mundo del vino d\u00f3nde podremos sentir el proceso de elaboraci\u00f3n del mismo.\",\"publisher\":{\"@id\":\"https:\\\/\\\/www.haciendaalbae.com\\\/en\\\/#organization\"},\"potentialAction\":[{\"@type\":\"SearchAction\",\"target\":{\"@type\":\"EntryPoint\",\"urlTemplate\":\"https:\\\/\\\/www.haciendaalbae.com\\\/en\\\/?s={search_term_string}\"},\"query-input\":{\"@type\":\"PropertyValueSpecification\",\"valueRequired\":true,\"valueName\":\"search_term_string\"}}],\"inLanguage\":\"en-US\"},{\"@type\":\"Organization\",\"@id\":\"https:\\\/\\\/www.haciendaalbae.com\\\/en\\\/#organization\",\"name\":\"Hacienda Albae\",\"url\":\"https:\\\/\\\/www.haciendaalbae.com\\\/en\\\/\",\"logo\":{\"@type\":\"ImageObject\",\"inLanguage\":\"en-US\",\"@id\":\"https:\\\/\\\/www.haciendaalbae.com\\\/en\\\/#\\\/schema\\\/logo\\\/image\\\/\",\"url\":\"https:\\\/\\\/www.haciendaalbae.com\\\/wp-content\\\/uploads\\\/2024\\\/09\\\/logo_black_1.png\",\"contentUrl\":\"https:\\\/\\\/www.haciendaalbae.com\\\/wp-content\\\/uploads\\\/2024\\\/09\\\/logo_black_1.png\",\"width\":390,\"height\":155,\"caption\":\"Hacienda Albae\"},\"image\":{\"@id\":\"https:\\\/\\\/www.haciendaalbae.com\\\/en\\\/#\\\/schema\\\/logo\\\/image\\\/\"}}]}<\/script>\n<!-- \/ Yoast SEO plugin. -->","yoast_head_json":{"title":"Hacienda Albae Tempranillo | Hacienda Albae","description":"We make harvest at night. Cold pre-fermentation maceration for 48 hours. Very gentle and constant handling of the skins during fermentation.","robots":{"index":"index","follow":"follow","max-snippet":"max-snippet:-1","max-image-preview":"max-image-preview:large","max-video-preview":"max-video-preview:-1"},"canonical":"https:\/\/www.haciendaalbae.com\/en\/product\/hacienda-albae-tempranillo\/","og_locale":"en_US","og_type":"article","og_title":"Hacienda Albae Tempranillo | Hacienda Albae","og_description":"We make harvest at night. Cold pre-fermentation maceration for 48 hours. Very gentle and constant handling of the skins during fermentation.","og_url":"https:\/\/www.haciendaalbae.com\/en\/product\/hacienda-albae-tempranillo\/","og_site_name":"Hacienda Albae","article_modified_time":"2026-02-15T12:38:18+00:00","og_image":[{"width":800,"height":1043,"url":"https:\/\/www.haciendaalbae.com\/wp-content\/uploads\/2024\/09\/albae_tempranillo.jpg","type":"image\/jpeg"}],"twitter_card":"summary_large_image","twitter_misc":{"Est. reading time":"1 minute"},"schema":{"@context":"https:\/\/schema.org","@graph":[{"@type":"WebPage","@id":"https:\/\/www.haciendaalbae.com\/en\/product\/hacienda-albae-tempranillo\/","url":"https:\/\/www.haciendaalbae.com\/en\/product\/hacienda-albae-tempranillo\/","name":"Hacienda Albae Tempranillo | Hacienda Albae","isPartOf":{"@id":"https:\/\/www.haciendaalbae.com\/en\/#website"},"primaryImageOfPage":{"@id":"https:\/\/www.haciendaalbae.com\/en\/product\/hacienda-albae-tempranillo\/#primaryimage"},"image":{"@id":"https:\/\/www.haciendaalbae.com\/en\/product\/hacienda-albae-tempranillo\/#primaryimage"},"thumbnailUrl":"https:\/\/www.haciendaalbae.com\/wp-content\/uploads\/2024\/09\/albae_tempranillo.jpg","datePublished":"2024-09-19T13:43:34+00:00","dateModified":"2026-02-15T12:38:18+00:00","description":"We make harvest at night. Cold pre-fermentation maceration for 48 hours. Very gentle and constant handling of the skins during fermentation.","breadcrumb":{"@id":"https:\/\/www.haciendaalbae.com\/en\/product\/hacienda-albae-tempranillo\/#breadcrumb"},"inLanguage":"en-US","potentialAction":[{"@type":"ReadAction","target":["https:\/\/www.haciendaalbae.com\/en\/product\/hacienda-albae-tempranillo\/"]}]},{"@type":"ImageObject","inLanguage":"en-US","@id":"https:\/\/www.haciendaalbae.com\/en\/product\/hacienda-albae-tempranillo\/#primaryimage","url":"https:\/\/www.haciendaalbae.com\/wp-content\/uploads\/2024\/09\/albae_tempranillo.jpg","contentUrl":"https:\/\/www.haciendaalbae.com\/wp-content\/uploads\/2024\/09\/albae_tempranillo.jpg","width":800,"height":1043},{"@type":"BreadcrumbList","@id":"https:\/\/www.haciendaalbae.com\/en\/product\/hacienda-albae-tempranillo\/#breadcrumb","itemListElement":[{"@type":"ListItem","position":1,"name":"Portada","item":"https:\/\/www.haciendaalbae.com\/en\/"},{"@type":"ListItem","position":2,"name":"Our Wines","item":"https:\/\/www.haciendaalbae.com\/en\/our-wines\/"},{"@type":"ListItem","position":3,"name":"Hacienda Albae Tempranillo"}]},{"@type":"WebSite","@id":"https:\/\/www.haciendaalbae.com\/en\/#website","url":"https:\/\/www.haciendaalbae.com\/en\/","name":"Hacienda Albae","description":"Hacienda Albae es m\u00e1s que una bodega, es un entorno dedicado al mundo del vino d\u00f3nde podremos sentir el proceso de elaboraci\u00f3n del mismo.","publisher":{"@id":"https:\/\/www.haciendaalbae.com\/en\/#organization"},"potentialAction":[{"@type":"SearchAction","target":{"@type":"EntryPoint","urlTemplate":"https:\/\/www.haciendaalbae.com\/en\/?s={search_term_string}"},"query-input":{"@type":"PropertyValueSpecification","valueRequired":true,"valueName":"search_term_string"}}],"inLanguage":"en-US"},{"@type":"Organization","@id":"https:\/\/www.haciendaalbae.com\/en\/#organization","name":"Hacienda Albae","url":"https:\/\/www.haciendaalbae.com\/en\/","logo":{"@type":"ImageObject","inLanguage":"en-US","@id":"https:\/\/www.haciendaalbae.com\/en\/#\/schema\/logo\/image\/","url":"https:\/\/www.haciendaalbae.com\/wp-content\/uploads\/2024\/09\/logo_black_1.png","contentUrl":"https:\/\/www.haciendaalbae.com\/wp-content\/uploads\/2024\/09\/logo_black_1.png","width":390,"height":155,"caption":"Hacienda Albae"},"image":{"@id":"https:\/\/www.haciendaalbae.com\/en\/#\/schema\/logo\/image\/"}}]}},"jetpack_sharing_enabled":true,"_links":{"self":[{"href":"https:\/\/www.haciendaalbae.com\/en\/wp-json\/wp\/v2\/product\/7079","targetHints":{"allow":["GET"]}}],"collection":[{"href":"https:\/\/www.haciendaalbae.com\/en\/wp-json\/wp\/v2\/product"}],"about":[{"href":"https:\/\/www.haciendaalbae.com\/en\/wp-json\/wp\/v2\/types\/product"}],"wp:featuredmedia":[{"embeddable":true,"href":"https:\/\/www.haciendaalbae.com\/en\/wp-json\/wp\/v2\/media\/6956"}],"wp:attachment":[{"href":"https:\/\/www.haciendaalbae.com\/en\/wp-json\/wp\/v2\/media?parent=7079"}],"wp:term":[{"taxonomy":"product_brand","embeddable":true,"href":"https:\/\/www.haciendaalbae.com\/en\/wp-json\/wp\/v2\/product_brand?post=7079"},{"taxonomy":"product_cat","embeddable":true,"href":"https:\/\/www.haciendaalbae.com\/en\/wp-json\/wp\/v2\/product_cat?post=7079"},{"taxonomy":"product_tag","embeddable":true,"href":"https:\/\/www.haciendaalbae.com\/en\/wp-json\/wp\/v2\/product_tag?post=7079"}],"curies":[{"name":"wp","href":"https:\/\/api.w.org\/{rel}","templated":true}]}}