{"id":7073,"date":"2018-03-14T09:53:29","date_gmt":"2018-03-14T09:53:29","guid":{"rendered":"https:\/\/www.haciendaalbae.com\/producto\/hacienda-albae-grand-chardonnay-2\/"},"modified":"2026-02-16T08:24:05","modified_gmt":"2026-02-16T08:24:05","slug":"hacienda-albae-grand-chardonnay","status":"publish","type":"product","link":"https:\/\/www.haciendaalbae.com\/en\/product\/hacienda-albae-grand-chardonnay\/","title":{"rendered":"Hacienda Albae Grand Chardonnay"},"content":{"rendered":"","protected":false},"excerpt":{"rendered":"<p><strong>Winemaking<\/strong>:<\/p>\n<p style=\"text-align: justify;\">Skin maceration for 24 hours. Very lightly pressed, separating the must and fermented at a low temperature (12-14\u00baC) in new French oak barrels. At the end of fermentation the wine is racked to remove the gross lees. During the following months, the wine is \u2018batonnaged\u2019 every 2 days. Little by little, the lees are suspended more and more frequently. It will remain in barrel for around 6 months.<\/p>\n<p>&nbsp;<\/p>\n<p><strong>Hectares planted<\/strong>: 20 Has<\/p>\n<p><strong>Harvest at night<\/strong>: No<\/p>\n<p><strong>Average production<\/strong>: 500 Kg\/ Ha<\/p>\n<p>&nbsp;<\/p>\n<p><strong>Awards<\/strong>:<\/p>\n<p>94 PUNTOS GU\u00cdA VEREMA 2025<br \/>\nGOLD MEDAL 2019 \u2013 Wine Up guide<br \/>\nGOLD MEDAL 2018 \u2013 Gilbert &amp; Gaillard<br \/>\nGOLD MEDAL 2012- Chardonnay do monde<br \/>\nGOLD MEDAL 2021- Gilbert &amp; Gaillar<br \/>\nSILVER MEDAL 2021- American Awards<\/p>\n<p>&nbsp;<\/p>\n[button size=\"large\" link=\"https:\/\/www.deblancoatinto.com\/hacienda-albae-grand-chardonnay-p-3-50-936-o-3\/\" target=\"_blank\" hover_type=\"default\" text_align=\"left\" text=\"BUY\" color=\"#FFFFFF\" background_color=\"#B2936D\" border_radius=\"10\" hover_background_color=\"#B2936D\" border_color=\"#B2936D\" hover_border_color=\"#B2936D\"]\n","protected":false},"featured_media":6952,"template":"","meta":[],"product_brand":[],"product_cat":[923],"product_tag":[],"class_list":{"0":"post-7073","1":"product","2":"type-product","3":"status-publish","4":"has-post-thumbnail","6":"product_cat-family-white-en","8":"first","9":"instock","10":"featured","11":"shipping-taxable","12":"purchasable","13":"product-type-simple"},"group_of_quantity":0,"min_quantity":0,"max_quantity":"","exclude_order_quantity_value_rules":"no","exclude_category_quantity_rules":"no","combine_variations":"no","yoast_head":"<!-- This site is optimized with the Yoast SEO plugin v27.4 - https:\/\/yoast.com\/product\/yoast-seo-wordpress\/ -->\n<title>Hacienda Albae Grand Chardonnay | Hacienda Albae<\/title>\n<meta name=\"description\" content=\"Skin maceration for 24 hours. Very lightly pressed, separating the must and fermented at a low temperature (12-14\u00ba C) in new French oak barrels.\" \/>\n<meta name=\"robots\" content=\"index, follow, max-snippet:-1, max-image-preview:large, max-video-preview:-1\" \/>\n<link rel=\"canonical\" href=\"https:\/\/www.haciendaalbae.com\/en\/product\/hacienda-albae-grand-chardonnay\/\" \/>\n<meta property=\"og:locale\" content=\"en_US\" \/>\n<meta property=\"og:type\" content=\"article\" \/>\n<meta property=\"og:title\" content=\"Hacienda Albae Grand Chardonnay | Hacienda Albae\" \/>\n<meta property=\"og:description\" content=\"Skin maceration for 24 hours. Very lightly pressed, separating the must and fermented at a low temperature (12-14\u00ba C) in new French oak barrels.\" \/>\n<meta property=\"og:url\" content=\"https:\/\/www.haciendaalbae.com\/en\/product\/hacienda-albae-grand-chardonnay\/\" \/>\n<meta property=\"og:site_name\" content=\"Hacienda Albae\" \/>\n<meta property=\"article:modified_time\" content=\"2026-02-16T08:24:05+00:00\" \/>\n<meta property=\"og:image\" content=\"https:\/\/www.haciendaalbae.com\/wp-content\/uploads\/2018\/03\/albae_grand_chardonnay_2.jpg\" \/>\n\t<meta property=\"og:image:width\" content=\"800\" \/>\n\t<meta property=\"og:image:height\" content=\"1043\" \/>\n\t<meta property=\"og:image:type\" content=\"image\/jpeg\" \/>\n<meta name=\"twitter:card\" content=\"summary_large_image\" \/>\n<meta name=\"twitter:label1\" content=\"Est. reading time\" \/>\n\t<meta name=\"twitter:data1\" content=\"1 minute\" \/>\n<script type=\"application\/ld+json\" class=\"yoast-schema-graph\">{\"@context\":\"https:\\\/\\\/schema.org\",\"@graph\":[{\"@type\":\"WebPage\",\"@id\":\"https:\\\/\\\/www.haciendaalbae.com\\\/en\\\/product\\\/hacienda-albae-grand-chardonnay\\\/\",\"url\":\"https:\\\/\\\/www.haciendaalbae.com\\\/en\\\/product\\\/hacienda-albae-grand-chardonnay\\\/\",\"name\":\"Hacienda Albae Grand Chardonnay | Hacienda Albae\",\"isPartOf\":{\"@id\":\"https:\\\/\\\/www.haciendaalbae.com\\\/en\\\/#website\"},\"primaryImageOfPage\":{\"@id\":\"https:\\\/\\\/www.haciendaalbae.com\\\/en\\\/product\\\/hacienda-albae-grand-chardonnay\\\/#primaryimage\"},\"image\":{\"@id\":\"https:\\\/\\\/www.haciendaalbae.com\\\/en\\\/product\\\/hacienda-albae-grand-chardonnay\\\/#primaryimage\"},\"thumbnailUrl\":\"https:\\\/\\\/www.haciendaalbae.com\\\/wp-content\\\/uploads\\\/2018\\\/03\\\/albae_grand_chardonnay_2.jpg\",\"datePublished\":\"2018-03-14T09:53:29+00:00\",\"dateModified\":\"2026-02-16T08:24:05+00:00\",\"description\":\"Skin maceration for 24 hours. Very lightly pressed, separating the must and fermented at a low temperature (12-14\u00ba C) in new French oak barrels.\",\"breadcrumb\":{\"@id\":\"https:\\\/\\\/www.haciendaalbae.com\\\/en\\\/product\\\/hacienda-albae-grand-chardonnay\\\/#breadcrumb\"},\"inLanguage\":\"en-US\",\"potentialAction\":[{\"@type\":\"ReadAction\",\"target\":[\"https:\\\/\\\/www.haciendaalbae.com\\\/en\\\/product\\\/hacienda-albae-grand-chardonnay\\\/\"]}]},{\"@type\":\"ImageObject\",\"inLanguage\":\"en-US\",\"@id\":\"https:\\\/\\\/www.haciendaalbae.com\\\/en\\\/product\\\/hacienda-albae-grand-chardonnay\\\/#primaryimage\",\"url\":\"https:\\\/\\\/www.haciendaalbae.com\\\/wp-content\\\/uploads\\\/2018\\\/03\\\/albae_grand_chardonnay_2.jpg\",\"contentUrl\":\"https:\\\/\\\/www.haciendaalbae.com\\\/wp-content\\\/uploads\\\/2018\\\/03\\\/albae_grand_chardonnay_2.jpg\",\"width\":800,\"height\":1043},{\"@type\":\"BreadcrumbList\",\"@id\":\"https:\\\/\\\/www.haciendaalbae.com\\\/en\\\/product\\\/hacienda-albae-grand-chardonnay\\\/#breadcrumb\",\"itemListElement\":[{\"@type\":\"ListItem\",\"position\":1,\"name\":\"Portada\",\"item\":\"https:\\\/\\\/www.haciendaalbae.com\\\/en\\\/\"},{\"@type\":\"ListItem\",\"position\":2,\"name\":\"Our Wines\",\"item\":\"https:\\\/\\\/www.haciendaalbae.com\\\/en\\\/our-wines\\\/\"},{\"@type\":\"ListItem\",\"position\":3,\"name\":\"Hacienda Albae Grand Chardonnay\"}]},{\"@type\":\"WebSite\",\"@id\":\"https:\\\/\\\/www.haciendaalbae.com\\\/en\\\/#website\",\"url\":\"https:\\\/\\\/www.haciendaalbae.com\\\/en\\\/\",\"name\":\"Hacienda Albae\",\"description\":\"Hacienda Albae es m\u00e1s que una bodega, es un entorno dedicado al mundo del vino d\u00f3nde podremos sentir el proceso de elaboraci\u00f3n del mismo.\",\"publisher\":{\"@id\":\"https:\\\/\\\/www.haciendaalbae.com\\\/en\\\/#organization\"},\"potentialAction\":[{\"@type\":\"SearchAction\",\"target\":{\"@type\":\"EntryPoint\",\"urlTemplate\":\"https:\\\/\\\/www.haciendaalbae.com\\\/en\\\/?s={search_term_string}\"},\"query-input\":{\"@type\":\"PropertyValueSpecification\",\"valueRequired\":true,\"valueName\":\"search_term_string\"}}],\"inLanguage\":\"en-US\"},{\"@type\":\"Organization\",\"@id\":\"https:\\\/\\\/www.haciendaalbae.com\\\/en\\\/#organization\",\"name\":\"Hacienda Albae\",\"url\":\"https:\\\/\\\/www.haciendaalbae.com\\\/en\\\/\",\"logo\":{\"@type\":\"ImageObject\",\"inLanguage\":\"en-US\",\"@id\":\"https:\\\/\\\/www.haciendaalbae.com\\\/en\\\/#\\\/schema\\\/logo\\\/image\\\/\",\"url\":\"https:\\\/\\\/www.haciendaalbae.com\\\/wp-content\\\/uploads\\\/2024\\\/09\\\/logo_black_1.png\",\"contentUrl\":\"https:\\\/\\\/www.haciendaalbae.com\\\/wp-content\\\/uploads\\\/2024\\\/09\\\/logo_black_1.png\",\"width\":390,\"height\":155,\"caption\":\"Hacienda Albae\"},\"image\":{\"@id\":\"https:\\\/\\\/www.haciendaalbae.com\\\/en\\\/#\\\/schema\\\/logo\\\/image\\\/\"}}]}<\/script>\n<!-- \/ Yoast SEO plugin. -->","yoast_head_json":{"title":"Hacienda Albae Grand Chardonnay | Hacienda Albae","description":"Skin maceration for 24 hours. Very lightly pressed, separating the must and fermented at a low temperature (12-14\u00ba C) in new French oak barrels.","robots":{"index":"index","follow":"follow","max-snippet":"max-snippet:-1","max-image-preview":"max-image-preview:large","max-video-preview":"max-video-preview:-1"},"canonical":"https:\/\/www.haciendaalbae.com\/en\/product\/hacienda-albae-grand-chardonnay\/","og_locale":"en_US","og_type":"article","og_title":"Hacienda Albae Grand Chardonnay | Hacienda Albae","og_description":"Skin maceration for 24 hours. Very lightly pressed, separating the must and fermented at a low temperature (12-14\u00ba C) in new French oak barrels.","og_url":"https:\/\/www.haciendaalbae.com\/en\/product\/hacienda-albae-grand-chardonnay\/","og_site_name":"Hacienda Albae","article_modified_time":"2026-02-16T08:24:05+00:00","og_image":[{"width":800,"height":1043,"url":"https:\/\/www.haciendaalbae.com\/wp-content\/uploads\/2018\/03\/albae_grand_chardonnay_2.jpg","type":"image\/jpeg"}],"twitter_card":"summary_large_image","twitter_misc":{"Est. reading time":"1 minute"},"schema":{"@context":"https:\/\/schema.org","@graph":[{"@type":"WebPage","@id":"https:\/\/www.haciendaalbae.com\/en\/product\/hacienda-albae-grand-chardonnay\/","url":"https:\/\/www.haciendaalbae.com\/en\/product\/hacienda-albae-grand-chardonnay\/","name":"Hacienda Albae Grand Chardonnay | Hacienda Albae","isPartOf":{"@id":"https:\/\/www.haciendaalbae.com\/en\/#website"},"primaryImageOfPage":{"@id":"https:\/\/www.haciendaalbae.com\/en\/product\/hacienda-albae-grand-chardonnay\/#primaryimage"},"image":{"@id":"https:\/\/www.haciendaalbae.com\/en\/product\/hacienda-albae-grand-chardonnay\/#primaryimage"},"thumbnailUrl":"https:\/\/www.haciendaalbae.com\/wp-content\/uploads\/2018\/03\/albae_grand_chardonnay_2.jpg","datePublished":"2018-03-14T09:53:29+00:00","dateModified":"2026-02-16T08:24:05+00:00","description":"Skin maceration for 24 hours. Very lightly pressed, separating the must and fermented at a low temperature (12-14\u00ba C) in new French oak barrels.","breadcrumb":{"@id":"https:\/\/www.haciendaalbae.com\/en\/product\/hacienda-albae-grand-chardonnay\/#breadcrumb"},"inLanguage":"en-US","potentialAction":[{"@type":"ReadAction","target":["https:\/\/www.haciendaalbae.com\/en\/product\/hacienda-albae-grand-chardonnay\/"]}]},{"@type":"ImageObject","inLanguage":"en-US","@id":"https:\/\/www.haciendaalbae.com\/en\/product\/hacienda-albae-grand-chardonnay\/#primaryimage","url":"https:\/\/www.haciendaalbae.com\/wp-content\/uploads\/2018\/03\/albae_grand_chardonnay_2.jpg","contentUrl":"https:\/\/www.haciendaalbae.com\/wp-content\/uploads\/2018\/03\/albae_grand_chardonnay_2.jpg","width":800,"height":1043},{"@type":"BreadcrumbList","@id":"https:\/\/www.haciendaalbae.com\/en\/product\/hacienda-albae-grand-chardonnay\/#breadcrumb","itemListElement":[{"@type":"ListItem","position":1,"name":"Portada","item":"https:\/\/www.haciendaalbae.com\/en\/"},{"@type":"ListItem","position":2,"name":"Our Wines","item":"https:\/\/www.haciendaalbae.com\/en\/our-wines\/"},{"@type":"ListItem","position":3,"name":"Hacienda Albae Grand Chardonnay"}]},{"@type":"WebSite","@id":"https:\/\/www.haciendaalbae.com\/en\/#website","url":"https:\/\/www.haciendaalbae.com\/en\/","name":"Hacienda Albae","description":"Hacienda Albae es m\u00e1s que una bodega, es un entorno dedicado al mundo del vino d\u00f3nde podremos sentir el proceso de elaboraci\u00f3n del mismo.","publisher":{"@id":"https:\/\/www.haciendaalbae.com\/en\/#organization"},"potentialAction":[{"@type":"SearchAction","target":{"@type":"EntryPoint","urlTemplate":"https:\/\/www.haciendaalbae.com\/en\/?s={search_term_string}"},"query-input":{"@type":"PropertyValueSpecification","valueRequired":true,"valueName":"search_term_string"}}],"inLanguage":"en-US"},{"@type":"Organization","@id":"https:\/\/www.haciendaalbae.com\/en\/#organization","name":"Hacienda Albae","url":"https:\/\/www.haciendaalbae.com\/en\/","logo":{"@type":"ImageObject","inLanguage":"en-US","@id":"https:\/\/www.haciendaalbae.com\/en\/#\/schema\/logo\/image\/","url":"https:\/\/www.haciendaalbae.com\/wp-content\/uploads\/2024\/09\/logo_black_1.png","contentUrl":"https:\/\/www.haciendaalbae.com\/wp-content\/uploads\/2024\/09\/logo_black_1.png","width":390,"height":155,"caption":"Hacienda Albae"},"image":{"@id":"https:\/\/www.haciendaalbae.com\/en\/#\/schema\/logo\/image\/"}}]}},"jetpack_sharing_enabled":true,"_links":{"self":[{"href":"https:\/\/www.haciendaalbae.com\/en\/wp-json\/wp\/v2\/product\/7073","targetHints":{"allow":["GET"]}}],"collection":[{"href":"https:\/\/www.haciendaalbae.com\/en\/wp-json\/wp\/v2\/product"}],"about":[{"href":"https:\/\/www.haciendaalbae.com\/en\/wp-json\/wp\/v2\/types\/product"}],"wp:featuredmedia":[{"embeddable":true,"href":"https:\/\/www.haciendaalbae.com\/en\/wp-json\/wp\/v2\/media\/6952"}],"wp:attachment":[{"href":"https:\/\/www.haciendaalbae.com\/en\/wp-json\/wp\/v2\/media?parent=7073"}],"wp:term":[{"taxonomy":"product_brand","embeddable":true,"href":"https:\/\/www.haciendaalbae.com\/en\/wp-json\/wp\/v2\/product_brand?post=7073"},{"taxonomy":"product_cat","embeddable":true,"href":"https:\/\/www.haciendaalbae.com\/en\/wp-json\/wp\/v2\/product_cat?post=7073"},{"taxonomy":"product_tag","embeddable":true,"href":"https:\/\/www.haciendaalbae.com\/en\/wp-json\/wp\/v2\/product_tag?post=7073"}],"curies":[{"name":"wp","href":"https:\/\/api.w.org\/{rel}","templated":true}]}}