{"id":7067,"date":"2018-03-14T09:57:49","date_gmt":"2018-03-14T09:57:49","guid":{"rendered":"https:\/\/www.haciendaalbae.com\/producto\/hacienda-albae-viognier-2\/"},"modified":"2026-02-16T08:25:11","modified_gmt":"2026-02-16T08:25:11","slug":"hacienda-albae-viognier","status":"publish","type":"product","link":"https:\/\/www.haciendaalbae.com\/en\/product\/hacienda-albae-viognier\/","title":{"rendered":"Hacienda Albae Viognier"},"content":{"rendered":"","protected":false},"excerpt":{"rendered":"<p><strong>Winemaking<\/strong>:<\/p>\n<p style=\"text-align: justify;\">Skin maceration for 12 hours. It is pressed very lightly separating the must and fermented at low temperature (12-14\u00baC). After fermentation it is kept incontact with its lees for 3 months. Very gentle filtering before bottling.<\/p>\n<p>&nbsp;<\/p>\n<p><strong>Planted hectares<\/strong>: 20 Has<br \/>\n<strong>Harvest at night<\/strong>: No<br \/>\n<strong>Average production<\/strong>: 500 Kg\/ Ha<\/p>\n<p>&nbsp;<\/p>\n<p><strong>Awards<\/strong>:<\/p>\n<p>MEDALLA DE ORO VINOSUB30 ESPA\u00d1A 2025<br \/>\nMEDALLA DE PLATA VINESPA\u00d1A 2024<br \/>\nNOMINADO A MEJOR BLANCO DE ESPA\u00d1A<br \/>\nGU\u00cdA VEREMA (94 PTOS)<br \/>\nGOLD MEDAL 2019 &#8211; Wine Up guide<br \/>\nGOLD MEDAL 2018 &#8211; Singapore Awards<\/p>\n<p>&nbsp;<\/p>\n[button size=\"large\" link=\"https:\/\/www.deblancoatinto.com\/hacienda-albae-viognier-p-3-50-1014-o-10\/\" target=\"_blank\" hover_type=\"default\" text_align=\"left\" text=\"BUY\" color=\"#FFFFFF\" background_color=\"#B2936D\" border_radius=\"10\" hover_background_color=\"#B2936D\" border_color=\"#B2936D\" hover_border_color=\"#B2936D\"]\n","protected":false},"featured_media":6949,"template":"","meta":[],"product_brand":[],"product_cat":[923],"product_tag":[],"class_list":{"0":"post-7067","1":"product","2":"type-product","3":"status-publish","4":"has-post-thumbnail","6":"product_cat-family-white-en","8":"first","9":"instock","10":"featured","11":"shipping-taxable","12":"purchasable","13":"product-type-simple"},"group_of_quantity":0,"min_quantity":0,"max_quantity":"","exclude_order_quantity_value_rules":"no","exclude_category_quantity_rules":"no","combine_variations":"no","yoast_head":"<!-- This site is optimized with the Yoast SEO plugin v27.4 - https:\/\/yoast.com\/product\/yoast-seo-wordpress\/ -->\n<title>Hacienda Albae Viognier | Hacienda Albae<\/title>\n<meta name=\"description\" content=\"Skin maceration for 12 hours. It is pressed very lightly separating the must and fermented at low temperature (12-14\u00ba C).\" \/>\n<meta name=\"robots\" content=\"index, follow, max-snippet:-1, max-image-preview:large, max-video-preview:-1\" \/>\n<link rel=\"canonical\" href=\"https:\/\/www.haciendaalbae.com\/en\/product\/hacienda-albae-viognier\/\" \/>\n<meta property=\"og:locale\" content=\"en_US\" \/>\n<meta property=\"og:type\" content=\"article\" \/>\n<meta property=\"og:title\" content=\"Hacienda Albae Viognier | Hacienda Albae\" \/>\n<meta property=\"og:description\" content=\"Skin maceration for 12 hours. It is pressed very lightly separating the must and fermented at low temperature (12-14\u00ba C).\" \/>\n<meta property=\"og:url\" content=\"https:\/\/www.haciendaalbae.com\/en\/product\/hacienda-albae-viognier\/\" \/>\n<meta property=\"og:site_name\" content=\"Hacienda Albae\" \/>\n<meta property=\"article:modified_time\" content=\"2026-02-16T08:25:11+00:00\" \/>\n<meta property=\"og:image\" content=\"https:\/\/www.haciendaalbae.com\/wp-content\/uploads\/2018\/03\/albae_viognier_2.jpg\" \/>\n\t<meta property=\"og:image:width\" content=\"800\" \/>\n\t<meta property=\"og:image:height\" content=\"1043\" \/>\n\t<meta property=\"og:image:type\" content=\"image\/jpeg\" \/>\n<meta name=\"twitter:card\" content=\"summary_large_image\" \/>\n<meta name=\"twitter:label1\" content=\"Est. reading time\" \/>\n\t<meta name=\"twitter:data1\" content=\"1 minute\" \/>\n<script type=\"application\/ld+json\" class=\"yoast-schema-graph\">{\"@context\":\"https:\\\/\\\/schema.org\",\"@graph\":[{\"@type\":\"WebPage\",\"@id\":\"https:\\\/\\\/www.haciendaalbae.com\\\/en\\\/product\\\/hacienda-albae-viognier\\\/\",\"url\":\"https:\\\/\\\/www.haciendaalbae.com\\\/en\\\/product\\\/hacienda-albae-viognier\\\/\",\"name\":\"Hacienda Albae Viognier | Hacienda Albae\",\"isPartOf\":{\"@id\":\"https:\\\/\\\/www.haciendaalbae.com\\\/en\\\/#website\"},\"primaryImageOfPage\":{\"@id\":\"https:\\\/\\\/www.haciendaalbae.com\\\/en\\\/product\\\/hacienda-albae-viognier\\\/#primaryimage\"},\"image\":{\"@id\":\"https:\\\/\\\/www.haciendaalbae.com\\\/en\\\/product\\\/hacienda-albae-viognier\\\/#primaryimage\"},\"thumbnailUrl\":\"https:\\\/\\\/www.haciendaalbae.com\\\/wp-content\\\/uploads\\\/2018\\\/03\\\/albae_viognier_2.jpg\",\"datePublished\":\"2018-03-14T09:57:49+00:00\",\"dateModified\":\"2026-02-16T08:25:11+00:00\",\"description\":\"Skin maceration for 12 hours. It is pressed very lightly separating the must and fermented at low temperature (12-14\u00ba C).\",\"breadcrumb\":{\"@id\":\"https:\\\/\\\/www.haciendaalbae.com\\\/en\\\/product\\\/hacienda-albae-viognier\\\/#breadcrumb\"},\"inLanguage\":\"en-US\",\"potentialAction\":[{\"@type\":\"ReadAction\",\"target\":[\"https:\\\/\\\/www.haciendaalbae.com\\\/en\\\/product\\\/hacienda-albae-viognier\\\/\"]}]},{\"@type\":\"ImageObject\",\"inLanguage\":\"en-US\",\"@id\":\"https:\\\/\\\/www.haciendaalbae.com\\\/en\\\/product\\\/hacienda-albae-viognier\\\/#primaryimage\",\"url\":\"https:\\\/\\\/www.haciendaalbae.com\\\/wp-content\\\/uploads\\\/2018\\\/03\\\/albae_viognier_2.jpg\",\"contentUrl\":\"https:\\\/\\\/www.haciendaalbae.com\\\/wp-content\\\/uploads\\\/2018\\\/03\\\/albae_viognier_2.jpg\",\"width\":800,\"height\":1043},{\"@type\":\"BreadcrumbList\",\"@id\":\"https:\\\/\\\/www.haciendaalbae.com\\\/en\\\/product\\\/hacienda-albae-viognier\\\/#breadcrumb\",\"itemListElement\":[{\"@type\":\"ListItem\",\"position\":1,\"name\":\"Portada\",\"item\":\"https:\\\/\\\/www.haciendaalbae.com\\\/en\\\/\"},{\"@type\":\"ListItem\",\"position\":2,\"name\":\"Our Wines\",\"item\":\"https:\\\/\\\/www.haciendaalbae.com\\\/en\\\/our-wines\\\/\"},{\"@type\":\"ListItem\",\"position\":3,\"name\":\"Hacienda Albae Viognier\"}]},{\"@type\":\"WebSite\",\"@id\":\"https:\\\/\\\/www.haciendaalbae.com\\\/en\\\/#website\",\"url\":\"https:\\\/\\\/www.haciendaalbae.com\\\/en\\\/\",\"name\":\"Hacienda Albae\",\"description\":\"Hacienda Albae es m\u00e1s que una bodega, es un entorno dedicado al mundo del vino d\u00f3nde podremos sentir el proceso de elaboraci\u00f3n del mismo.\",\"publisher\":{\"@id\":\"https:\\\/\\\/www.haciendaalbae.com\\\/en\\\/#organization\"},\"potentialAction\":[{\"@type\":\"SearchAction\",\"target\":{\"@type\":\"EntryPoint\",\"urlTemplate\":\"https:\\\/\\\/www.haciendaalbae.com\\\/en\\\/?s={search_term_string}\"},\"query-input\":{\"@type\":\"PropertyValueSpecification\",\"valueRequired\":true,\"valueName\":\"search_term_string\"}}],\"inLanguage\":\"en-US\"},{\"@type\":\"Organization\",\"@id\":\"https:\\\/\\\/www.haciendaalbae.com\\\/en\\\/#organization\",\"name\":\"Hacienda Albae\",\"url\":\"https:\\\/\\\/www.haciendaalbae.com\\\/en\\\/\",\"logo\":{\"@type\":\"ImageObject\",\"inLanguage\":\"en-US\",\"@id\":\"https:\\\/\\\/www.haciendaalbae.com\\\/en\\\/#\\\/schema\\\/logo\\\/image\\\/\",\"url\":\"https:\\\/\\\/www.haciendaalbae.com\\\/wp-content\\\/uploads\\\/2024\\\/09\\\/logo_black_1.png\",\"contentUrl\":\"https:\\\/\\\/www.haciendaalbae.com\\\/wp-content\\\/uploads\\\/2024\\\/09\\\/logo_black_1.png\",\"width\":390,\"height\":155,\"caption\":\"Hacienda Albae\"},\"image\":{\"@id\":\"https:\\\/\\\/www.haciendaalbae.com\\\/en\\\/#\\\/schema\\\/logo\\\/image\\\/\"}}]}<\/script>\n<!-- \/ Yoast SEO plugin. -->","yoast_head_json":{"title":"Hacienda Albae Viognier | Hacienda Albae","description":"Skin maceration for 12 hours. It is pressed very lightly separating the must and fermented at low temperature (12-14\u00ba C).","robots":{"index":"index","follow":"follow","max-snippet":"max-snippet:-1","max-image-preview":"max-image-preview:large","max-video-preview":"max-video-preview:-1"},"canonical":"https:\/\/www.haciendaalbae.com\/en\/product\/hacienda-albae-viognier\/","og_locale":"en_US","og_type":"article","og_title":"Hacienda Albae Viognier | Hacienda Albae","og_description":"Skin maceration for 12 hours. It is pressed very lightly separating the must and fermented at low temperature (12-14\u00ba C).","og_url":"https:\/\/www.haciendaalbae.com\/en\/product\/hacienda-albae-viognier\/","og_site_name":"Hacienda Albae","article_modified_time":"2026-02-16T08:25:11+00:00","og_image":[{"width":800,"height":1043,"url":"https:\/\/www.haciendaalbae.com\/wp-content\/uploads\/2018\/03\/albae_viognier_2.jpg","type":"image\/jpeg"}],"twitter_card":"summary_large_image","twitter_misc":{"Est. reading time":"1 minute"},"schema":{"@context":"https:\/\/schema.org","@graph":[{"@type":"WebPage","@id":"https:\/\/www.haciendaalbae.com\/en\/product\/hacienda-albae-viognier\/","url":"https:\/\/www.haciendaalbae.com\/en\/product\/hacienda-albae-viognier\/","name":"Hacienda Albae Viognier | Hacienda Albae","isPartOf":{"@id":"https:\/\/www.haciendaalbae.com\/en\/#website"},"primaryImageOfPage":{"@id":"https:\/\/www.haciendaalbae.com\/en\/product\/hacienda-albae-viognier\/#primaryimage"},"image":{"@id":"https:\/\/www.haciendaalbae.com\/en\/product\/hacienda-albae-viognier\/#primaryimage"},"thumbnailUrl":"https:\/\/www.haciendaalbae.com\/wp-content\/uploads\/2018\/03\/albae_viognier_2.jpg","datePublished":"2018-03-14T09:57:49+00:00","dateModified":"2026-02-16T08:25:11+00:00","description":"Skin maceration for 12 hours. It is pressed very lightly separating the must and fermented at low temperature (12-14\u00ba C).","breadcrumb":{"@id":"https:\/\/www.haciendaalbae.com\/en\/product\/hacienda-albae-viognier\/#breadcrumb"},"inLanguage":"en-US","potentialAction":[{"@type":"ReadAction","target":["https:\/\/www.haciendaalbae.com\/en\/product\/hacienda-albae-viognier\/"]}]},{"@type":"ImageObject","inLanguage":"en-US","@id":"https:\/\/www.haciendaalbae.com\/en\/product\/hacienda-albae-viognier\/#primaryimage","url":"https:\/\/www.haciendaalbae.com\/wp-content\/uploads\/2018\/03\/albae_viognier_2.jpg","contentUrl":"https:\/\/www.haciendaalbae.com\/wp-content\/uploads\/2018\/03\/albae_viognier_2.jpg","width":800,"height":1043},{"@type":"BreadcrumbList","@id":"https:\/\/www.haciendaalbae.com\/en\/product\/hacienda-albae-viognier\/#breadcrumb","itemListElement":[{"@type":"ListItem","position":1,"name":"Portada","item":"https:\/\/www.haciendaalbae.com\/en\/"},{"@type":"ListItem","position":2,"name":"Our Wines","item":"https:\/\/www.haciendaalbae.com\/en\/our-wines\/"},{"@type":"ListItem","position":3,"name":"Hacienda Albae Viognier"}]},{"@type":"WebSite","@id":"https:\/\/www.haciendaalbae.com\/en\/#website","url":"https:\/\/www.haciendaalbae.com\/en\/","name":"Hacienda Albae","description":"Hacienda Albae es m\u00e1s que una bodega, es un entorno dedicado al mundo del vino d\u00f3nde podremos sentir el proceso de elaboraci\u00f3n del mismo.","publisher":{"@id":"https:\/\/www.haciendaalbae.com\/en\/#organization"},"potentialAction":[{"@type":"SearchAction","target":{"@type":"EntryPoint","urlTemplate":"https:\/\/www.haciendaalbae.com\/en\/?s={search_term_string}"},"query-input":{"@type":"PropertyValueSpecification","valueRequired":true,"valueName":"search_term_string"}}],"inLanguage":"en-US"},{"@type":"Organization","@id":"https:\/\/www.haciendaalbae.com\/en\/#organization","name":"Hacienda Albae","url":"https:\/\/www.haciendaalbae.com\/en\/","logo":{"@type":"ImageObject","inLanguage":"en-US","@id":"https:\/\/www.haciendaalbae.com\/en\/#\/schema\/logo\/image\/","url":"https:\/\/www.haciendaalbae.com\/wp-content\/uploads\/2024\/09\/logo_black_1.png","contentUrl":"https:\/\/www.haciendaalbae.com\/wp-content\/uploads\/2024\/09\/logo_black_1.png","width":390,"height":155,"caption":"Hacienda Albae"},"image":{"@id":"https:\/\/www.haciendaalbae.com\/en\/#\/schema\/logo\/image\/"}}]}},"jetpack_sharing_enabled":true,"_links":{"self":[{"href":"https:\/\/www.haciendaalbae.com\/en\/wp-json\/wp\/v2\/product\/7067","targetHints":{"allow":["GET"]}}],"collection":[{"href":"https:\/\/www.haciendaalbae.com\/en\/wp-json\/wp\/v2\/product"}],"about":[{"href":"https:\/\/www.haciendaalbae.com\/en\/wp-json\/wp\/v2\/types\/product"}],"wp:featuredmedia":[{"embeddable":true,"href":"https:\/\/www.haciendaalbae.com\/en\/wp-json\/wp\/v2\/media\/6949"}],"wp:attachment":[{"href":"https:\/\/www.haciendaalbae.com\/en\/wp-json\/wp\/v2\/media?parent=7067"}],"wp:term":[{"taxonomy":"product_brand","embeddable":true,"href":"https:\/\/www.haciendaalbae.com\/en\/wp-json\/wp\/v2\/product_brand?post=7067"},{"taxonomy":"product_cat","embeddable":true,"href":"https:\/\/www.haciendaalbae.com\/en\/wp-json\/wp\/v2\/product_cat?post=7067"},{"taxonomy":"product_tag","embeddable":true,"href":"https:\/\/www.haciendaalbae.com\/en\/wp-json\/wp\/v2\/product_tag?post=7067"}],"curies":[{"name":"wp","href":"https:\/\/api.w.org\/{rel}","templated":true}]}}