{"id":7021,"date":"2020-02-26T12:36:44","date_gmt":"2020-02-26T12:36:44","guid":{"rendered":"https:\/\/www.haciendaalbae.com\/news\/"},"modified":"2024-11-15T15:36:23","modified_gmt":"2024-11-15T15:36:23","slug":"news","status":"publish","type":"page","link":"https:\/\/www.haciendaalbae.com\/en\/news\/","title":{"rendered":"News"},"content":{"rendered":"<div class=\"wpb-content-wrapper\"><p>[vc_row css_animation=&#8221;&#8221; row_type=&#8221;row&#8221; use_row_as_full_screen_section=&#8221;no&#8221; type=&#8221;grid&#8221; angled_section=&#8221;no&#8221; text_align=&#8221;left&#8221; background_image_as_pattern=&#8221;without_pattern&#8221; z_index=&#8221;&#8221; padding_top=&#8221;120&#8243; padding_bottom=&#8221;50&#8243;][vc_column]<div class='q_masonry_blog'><div class=\"q_masonry_blog_grid_sizer\"><\/div><div class=\"q_masonry_blog_grid_gutter\"><\/div><article class=\"post-6977 post type-post status-publish format-standard has-post-thumbnail hentry category-sin-categorizar\"><div class=\"q_masonry_blog_post_image\"><a itemprop=\"url\" href=\"https:\/\/www.haciendaalbae.com\/en\/best-white-wine-of-2023\/\" target=\"_self\"><img decoding=\"async\" itemprop=\"image\" src=\"https:\/\/www.haciendaalbae.com\/wp-content\/uploads\/2020\/03\/post_mejor_vino_blanco.jpg\" alt=\"\" \/><\/a><\/div><div class=\"q_masonry_blog_post_text\"><h4 itemprop=\"name\" class=\"q_masonry_blog_title entry_title\"><a itemprop=\"url\" href=\"https:\/\/www.haciendaalbae.com\/en\/best-white-wine-of-2023\/\">Best White Wine of 2023<\/a><\/h4><p itemprop=\"description\" class=\"q_masonry_blog_excerpt\">We have been nominated for the best \u00a8White Wine of 2023 \", wonderful recognition of the most successful and numerous portal ......<\/p><div class=\"q_masonry_blog_post_info\"><span itemprop=\"dateCreated\" class=\"time entry_date updated\">10 February, 2024<meta itemprop=\"interactionCount\" content=\"UserComments:0\"\/><\/span><\/div><\/div><\/article><article class=\"post-6980 post type-post status-publish format-standard has-post-thumbnail hentry category-sin-categorizar\"><div class=\"q_masonry_blog_post_image\"><a itemprop=\"url\" href=\"https:\/\/www.haciendaalbae.com\/en\/intervinos-guide-2025\/\" target=\"_self\"><img decoding=\"async\" itemprop=\"image\" src=\"https:\/\/www.haciendaalbae.com\/wp-content\/uploads\/2024\/03\/post_guia_intervinos.jpg\" alt=\"\" \/><\/a><\/div><div class=\"q_masonry_blog_post_text\"><h4 itemprop=\"name\" class=\"q_masonry_blog_title entry_title\"><a itemprop=\"url\" href=\"https:\/\/www.haciendaalbae.com\/en\/intervinos-guide-2025\/\">Intervinos Guide 2025<\/a><\/h4><p itemprop=\"description\" class=\"q_masonry_blog_excerpt\">As in previous years, we have participated in the 2025 Intervinos Guide and we have obtained very good scores of which we are very proud ......<\/p><div class=\"q_masonry_blog_post_info\"><span itemprop=\"dateCreated\" class=\"time entry_date updated\">10 March, 2024<meta itemprop=\"interactionCount\" content=\"UserComments:0\"\/><\/span><\/div><\/div><\/article><article class=\"post-6983 post type-post status-publish format-standard has-post-thumbnail hentry category-sin-categorizar\"><div class=\"q_masonry_blog_post_image\"><a itemprop=\"url\" href=\"https:\/\/www.haciendaalbae.com\/en\/spanish-wine-road-show\/\" target=\"_self\"><img decoding=\"async\" itemprop=\"image\" src=\"https:\/\/www.haciendaalbae.com\/wp-content\/uploads\/2020\/04\/post_road_show.jpg\" alt=\"\" \/><\/a><\/div><div class=\"q_masonry_blog_post_text\"><h4 itemprop=\"name\" class=\"q_masonry_blog_title entry_title\"><a itemprop=\"url\" href=\"https:\/\/www.haciendaalbae.com\/en\/spanish-wine-road-show\/\">Spanish Wine Road Show<\/a><\/h4><p itemprop=\"description\" class=\"q_masonry_blog_excerpt\">From May 28 to 31 we have participated again in the 5th edition of Spanish Wine Roadshow that was held in Chicago-Dallas-Mexico, where we went to live ......<\/p><div class=\"q_masonry_blog_post_info\"><span itemprop=\"dateCreated\" class=\"time entry_date updated\">10 May, 2024<meta itemprop=\"interactionCount\" content=\"UserComments:0\"\/><\/span><\/div><\/div><\/article><\/div>[\/vc_column][\/vc_row]<\/p>\n<\/div>","protected":false},"excerpt":{"rendered":"<p>[vc_row css_animation=&#8221;&#8221; row_type=&#8221;row&#8221; use_row_as_full_screen_section=&#8221;no&#8221; type=&#8221;grid&#8221; angled_section=&#8221;no&#8221; text_align=&#8221;left&#8221; background_image_as_pattern=&#8221;without_pattern&#8221; z_index=&#8221;&#8221; padding_top=&#8221;120&#8243; padding_bottom=&#8221;50&#8243;][vc_column][\/vc_column][\/vc_row]<\/p>\n","protected":false},"author":3,"featured_media":0,"parent":0,"menu_order":0,"comment_status":"closed","ping_status":"closed","template":"full_width.php","meta":{"footnotes":""},"class_list":["post-7021","page","type-page","status-publish","hentry"],"yoast_head":"<!-- This site is optimized with the Yoast SEO plugin v27.4 - https:\/\/yoast.com\/product\/yoast-seo-wordpress\/ -->\n<title>News | Hacienda Albae<\/title>\n<meta name=\"description\" content=\"We keep you informed about all the news in the sector as well as about our Hacienda, which offers a unique combination to visitors.\" \/>\n<meta name=\"robots\" content=\"index, follow, max-snippet:-1, max-image-preview:large, max-video-preview:-1\" \/>\n<link rel=\"canonical\" href=\"https:\/\/www.haciendaalbae.com\/en\/news\/\" \/>\n<meta property=\"og:locale\" content=\"en_US\" \/>\n<meta property=\"og:type\" content=\"article\" \/>\n<meta property=\"og:title\" content=\"News | Hacienda Albae\" \/>\n<meta property=\"og:description\" content=\"We keep you informed about all the news in the sector as well as about our Hacienda, which offers a unique combination to visitors.\" \/>\n<meta property=\"og:url\" content=\"https:\/\/www.haciendaalbae.com\/en\/news\/\" \/>\n<meta property=\"og:site_name\" content=\"Hacienda Albae\" \/>\n<meta property=\"article:modified_time\" content=\"2024-11-15T15:36:23+00:00\" \/>\n<meta property=\"og:image\" content=\"https:\/\/www.haciendaalbae.com\/wp-content\/uploads\/2024\/09\/fondo_video_2.jpg\" \/>\n\t<meta property=\"og:image:width\" content=\"1920\" \/>\n\t<meta property=\"og:image:height\" content=\"1080\" \/>\n\t<meta property=\"og:image:type\" content=\"image\/jpeg\" \/>\n<meta name=\"twitter:card\" content=\"summary_large_image\" \/>\n<meta name=\"twitter:label1\" content=\"Est. reading time\" \/>\n\t<meta name=\"twitter:data1\" content=\"1 minute\" \/>\n<script type=\"application\/ld+json\" class=\"yoast-schema-graph\">{\"@context\":\"https:\\\/\\\/schema.org\",\"@graph\":[{\"@type\":\"WebPage\",\"@id\":\"https:\\\/\\\/www.haciendaalbae.com\\\/en\\\/news\\\/\",\"url\":\"https:\\\/\\\/www.haciendaalbae.com\\\/en\\\/news\\\/\",\"name\":\"News | Hacienda Albae\",\"isPartOf\":{\"@id\":\"https:\\\/\\\/www.haciendaalbae.com\\\/en\\\/#website\"},\"datePublished\":\"2020-02-26T12:36:44+00:00\",\"dateModified\":\"2024-11-15T15:36:23+00:00\",\"description\":\"We keep you informed about all the news in the sector as well as about our Hacienda, which offers a unique combination to visitors.\",\"breadcrumb\":{\"@id\":\"https:\\\/\\\/www.haciendaalbae.com\\\/en\\\/news\\\/#breadcrumb\"},\"inLanguage\":\"en-US\",\"potentialAction\":[{\"@type\":\"ReadAction\",\"target\":[\"https:\\\/\\\/www.haciendaalbae.com\\\/en\\\/news\\\/\"]}]},{\"@type\":\"BreadcrumbList\",\"@id\":\"https:\\\/\\\/www.haciendaalbae.com\\\/en\\\/news\\\/#breadcrumb\",\"itemListElement\":[{\"@type\":\"ListItem\",\"position\":1,\"name\":\"Portada\",\"item\":\"https:\\\/\\\/www.haciendaalbae.com\\\/en\\\/\"},{\"@type\":\"ListItem\",\"position\":2,\"name\":\"News\"}]},{\"@type\":\"WebSite\",\"@id\":\"https:\\\/\\\/www.haciendaalbae.com\\\/en\\\/#website\",\"url\":\"https:\\\/\\\/www.haciendaalbae.com\\\/en\\\/\",\"name\":\"Hacienda Albae\",\"description\":\"Hacienda Albae es m\u00e1s que una bodega, es un entorno dedicado al mundo del vino d\u00f3nde podremos sentir el proceso de elaboraci\u00f3n del mismo.\",\"publisher\":{\"@id\":\"https:\\\/\\\/www.haciendaalbae.com\\\/en\\\/#organization\"},\"potentialAction\":[{\"@type\":\"SearchAction\",\"target\":{\"@type\":\"EntryPoint\",\"urlTemplate\":\"https:\\\/\\\/www.haciendaalbae.com\\\/en\\\/?s={search_term_string}\"},\"query-input\":{\"@type\":\"PropertyValueSpecification\",\"valueRequired\":true,\"valueName\":\"search_term_string\"}}],\"inLanguage\":\"en-US\"},{\"@type\":\"Organization\",\"@id\":\"https:\\\/\\\/www.haciendaalbae.com\\\/en\\\/#organization\",\"name\":\"Hacienda Albae\",\"url\":\"https:\\\/\\\/www.haciendaalbae.com\\\/en\\\/\",\"logo\":{\"@type\":\"ImageObject\",\"inLanguage\":\"en-US\",\"@id\":\"https:\\\/\\\/www.haciendaalbae.com\\\/en\\\/#\\\/schema\\\/logo\\\/image\\\/\",\"url\":\"https:\\\/\\\/www.haciendaalbae.com\\\/wp-content\\\/uploads\\\/2024\\\/09\\\/logo_black_1.png\",\"contentUrl\":\"https:\\\/\\\/www.haciendaalbae.com\\\/wp-content\\\/uploads\\\/2024\\\/09\\\/logo_black_1.png\",\"width\":390,\"height\":155,\"caption\":\"Hacienda Albae\"},\"image\":{\"@id\":\"https:\\\/\\\/www.haciendaalbae.com\\\/en\\\/#\\\/schema\\\/logo\\\/image\\\/\"}}]}<\/script>\n<!-- \/ Yoast SEO plugin. -->","yoast_head_json":{"title":"News | Hacienda Albae","description":"We keep you informed about all the news in the sector as well as about our Hacienda, which offers a unique combination to visitors.","robots":{"index":"index","follow":"follow","max-snippet":"max-snippet:-1","max-image-preview":"max-image-preview:large","max-video-preview":"max-video-preview:-1"},"canonical":"https:\/\/www.haciendaalbae.com\/en\/news\/","og_locale":"en_US","og_type":"article","og_title":"News | Hacienda Albae","og_description":"We keep you informed about all the news in the sector as well as about our Hacienda, which offers a unique combination to visitors.","og_url":"https:\/\/www.haciendaalbae.com\/en\/news\/","og_site_name":"Hacienda Albae","article_modified_time":"2024-11-15T15:36:23+00:00","og_image":[{"width":1920,"height":1080,"url":"https:\/\/www.haciendaalbae.com\/wp-content\/uploads\/2024\/09\/fondo_video_2.jpg","type":"image\/jpeg"}],"twitter_card":"summary_large_image","twitter_misc":{"Est. reading time":"1 minute"},"schema":{"@context":"https:\/\/schema.org","@graph":[{"@type":"WebPage","@id":"https:\/\/www.haciendaalbae.com\/en\/news\/","url":"https:\/\/www.haciendaalbae.com\/en\/news\/","name":"News | Hacienda Albae","isPartOf":{"@id":"https:\/\/www.haciendaalbae.com\/en\/#website"},"datePublished":"2020-02-26T12:36:44+00:00","dateModified":"2024-11-15T15:36:23+00:00","description":"We keep you informed about all the news in the sector as well as about our Hacienda, which offers a unique combination to visitors.","breadcrumb":{"@id":"https:\/\/www.haciendaalbae.com\/en\/news\/#breadcrumb"},"inLanguage":"en-US","potentialAction":[{"@type":"ReadAction","target":["https:\/\/www.haciendaalbae.com\/en\/news\/"]}]},{"@type":"BreadcrumbList","@id":"https:\/\/www.haciendaalbae.com\/en\/news\/#breadcrumb","itemListElement":[{"@type":"ListItem","position":1,"name":"Portada","item":"https:\/\/www.haciendaalbae.com\/en\/"},{"@type":"ListItem","position":2,"name":"News"}]},{"@type":"WebSite","@id":"https:\/\/www.haciendaalbae.com\/en\/#website","url":"https:\/\/www.haciendaalbae.com\/en\/","name":"Hacienda Albae","description":"Hacienda Albae es m\u00e1s que una bodega, es un entorno dedicado al mundo del vino d\u00f3nde podremos sentir el proceso de elaboraci\u00f3n del mismo.","publisher":{"@id":"https:\/\/www.haciendaalbae.com\/en\/#organization"},"potentialAction":[{"@type":"SearchAction","target":{"@type":"EntryPoint","urlTemplate":"https:\/\/www.haciendaalbae.com\/en\/?s={search_term_string}"},"query-input":{"@type":"PropertyValueSpecification","valueRequired":true,"valueName":"search_term_string"}}],"inLanguage":"en-US"},{"@type":"Organization","@id":"https:\/\/www.haciendaalbae.com\/en\/#organization","name":"Hacienda Albae","url":"https:\/\/www.haciendaalbae.com\/en\/","logo":{"@type":"ImageObject","inLanguage":"en-US","@id":"https:\/\/www.haciendaalbae.com\/en\/#\/schema\/logo\/image\/","url":"https:\/\/www.haciendaalbae.com\/wp-content\/uploads\/2024\/09\/logo_black_1.png","contentUrl":"https:\/\/www.haciendaalbae.com\/wp-content\/uploads\/2024\/09\/logo_black_1.png","width":390,"height":155,"caption":"Hacienda Albae"},"image":{"@id":"https:\/\/www.haciendaalbae.com\/en\/#\/schema\/logo\/image\/"}}]}},"jetpack_sharing_enabled":true,"_links":{"self":[{"href":"https:\/\/www.haciendaalbae.com\/en\/wp-json\/wp\/v2\/pages\/7021","targetHints":{"allow":["GET"]}}],"collection":[{"href":"https:\/\/www.haciendaalbae.com\/en\/wp-json\/wp\/v2\/pages"}],"about":[{"href":"https:\/\/www.haciendaalbae.com\/en\/wp-json\/wp\/v2\/types\/page"}],"author":[{"embeddable":true,"href":"https:\/\/www.haciendaalbae.com\/en\/wp-json\/wp\/v2\/users\/3"}],"replies":[{"embeddable":true,"href":"https:\/\/www.haciendaalbae.com\/en\/wp-json\/wp\/v2\/comments?post=7021"}],"version-history":[{"count":4,"href":"https:\/\/www.haciendaalbae.com\/en\/wp-json\/wp\/v2\/pages\/7021\/revisions"}],"predecessor-version":[{"id":7099,"href":"https:\/\/www.haciendaalbae.com\/en\/wp-json\/wp\/v2\/pages\/7021\/revisions\/7099"}],"wp:attachment":[{"href":"https:\/\/www.haciendaalbae.com\/en\/wp-json\/wp\/v2\/media?parent=7021"}],"curies":[{"name":"wp","href":"https:\/\/api.w.org\/{rel}","templated":true}]}}