{"id":7017,"date":"2024-09-17T12:04:24","date_gmt":"2024-09-17T12:04:24","guid":{"rendered":"https:\/\/www.haciendaalbae.com\/sustainability\/"},"modified":"2024-11-15T15:42:18","modified_gmt":"2024-11-15T15:42:18","slug":"sustainability","status":"publish","type":"page","link":"https:\/\/www.haciendaalbae.com\/en\/sustainability\/","title":{"rendered":"Sustainability"},"content":{"rendered":"<div class=\"wpb-content-wrapper\"><p>[vc_row css_animation=&#8221;&#8221; row_type=&#8221;row&#8221; use_row_as_full_screen_section=&#8221;no&#8221; type=&#8221;grid&#8221; angled_section=&#8221;no&#8221; text_align=&#8221;left&#8221; background_image_as_pattern=&#8221;without_pattern&#8221; z_index=&#8221;&#8221; background_color=&#8221;#FFFFFF&#8221; padding_top=&#8221;115&#8243; padding_bottom=&#8221;80&#8243;][vc_column][vc_column_text css=&#8221;&#8221;]<\/p>\n<p style=\"text-align: justify;\">Hacienda Albae is committed to caring for the planet and its sustainability. That is why since 2017 it has been carrying out all the activities that are encompassed in the estate in accordance with ecological and sustainable parameters. In 2022, the second phase began, which is to corroborate through different certifications the working methods and those convictions that are part of our philosophy. Currently, apart from the ISO 9001 quality certification accredited by AENOR, Hacienda Albae is immersed in the following projects<\/p>\n<p>&nbsp;<\/p>\n<ul>\n<li>Soils and wines free of biocides, with ENAC-certified analyses of more than 300 parameters.<\/li>\n<li>Certification of the vineyard, as producers of organic grapes on more than 220 hectares (in conversion).<\/li>\n<li>Production of organic wines<\/li>\n<li>Eurogreen label certification<\/li>\n<li>Membership of the Spanish responsible food network<\/li>\n<\/ul>\n<p>[\/vc_column_text][\/vc_column][\/vc_row][vc_row css_animation=&#8221;&#8221; row_type=&#8221;row&#8221; use_row_as_full_screen_section=&#8221;no&#8221; type=&#8221;full_width&#8221; angled_section=&#8221;no&#8221; text_align=&#8221;left&#8221; background_image_as_pattern=&#8221;without_pattern&#8221; z_index=&#8221;&#8221; background_color=&#8221;#FFFFFF&#8221; padding_bottom=&#8221;40&#8243;][vc_column width=&#8221;1\/5&#8243;][\/vc_column][vc_column width=&#8221;1\/5&#8243;][vc_single_image image=&#8221;6428&#8243; img_size=&#8221;full&#8221; alignment=&#8221;center&#8221; css=&#8221;&#8221; qode_css_animation=&#8221;&#8221;][vc_empty_space height=&#8221;15px&#8221;][\/vc_column][vc_column width=&#8221;1\/5&#8243;][vc_single_image image=&#8221;6429&#8243; img_size=&#8221;full&#8221; alignment=&#8221;center&#8221; css=&#8221;&#8221; qode_css_animation=&#8221;&#8221;][vc_empty_space height=&#8221;15px&#8221;][\/vc_column][vc_column width=&#8221;1\/5&#8243;][vc_single_image image=&#8221;6430&#8243; img_size=&#8221;full&#8221; alignment=&#8221;center&#8221; css=&#8221;&#8221; qode_css_animation=&#8221;&#8221;][vc_empty_space height=&#8221;15px&#8221;][\/vc_column][vc_column width=&#8221;1\/5&#8243;][\/vc_column][\/vc_row][vc_row css_animation=&#8221;&#8221; row_type=&#8221;row&#8221; use_row_as_full_screen_section=&#8221;no&#8221; type=&#8221;full_width&#8221; angled_section=&#8221;no&#8221; text_align=&#8221;left&#8221; background_image_as_pattern=&#8221;without_pattern&#8221; z_index=&#8221;&#8221; background_color=&#8221;#FFFFFF&#8221; padding_bottom=&#8221;105&#8243;][vc_column width=&#8221;1\/5&#8243;][\/vc_column][vc_column width=&#8221;1\/5&#8243;][vc_single_image image=&#8221;6431&#8243; img_size=&#8221;full&#8221; alignment=&#8221;center&#8221; css=&#8221;&#8221; qode_css_animation=&#8221;&#8221;][vc_empty_space height=&#8221;15px&#8221;][\/vc_column][vc_column width=&#8221;1\/5&#8243;][vc_single_image image=&#8221;6432&#8243; img_size=&#8221;full&#8221; alignment=&#8221;center&#8221; css=&#8221;&#8221; qode_css_animation=&#8221;&#8221;][vc_empty_space height=&#8221;15px&#8221;][\/vc_column][vc_column width=&#8221;1\/5&#8243;][vc_single_image image=&#8221;6433&#8243; img_size=&#8221;full&#8221; alignment=&#8221;center&#8221; css=&#8221;&#8221; qode_css_animation=&#8221;&#8221;][vc_empty_space height=&#8221;15px&#8221;][\/vc_column][vc_column width=&#8221;1\/5&#8243;][\/vc_column][\/vc_row][vc_row css_animation=&#8221;&#8221; row_type=&#8221;row&#8221; use_row_as_full_screen_section=&#8221;no&#8221; type=&#8221;full_width&#8221; angled_section=&#8221;no&#8221; text_align=&#8221;left&#8221; background_image_as_pattern=&#8221;without_pattern&#8221; css=&#8221;.vc_custom_1725964475917{background-color: #b1926c !important;}&#8221; z_index=&#8221;&#8221; padding_top=&#8221;40&#8243; padding_bottom=&#8221;40&#8243;][vc_column][\/vc_column][\/vc_row]<\/p>\n<\/div>","protected":false},"excerpt":{"rendered":"<p>[vc_row css_animation=&#8221;&#8221; row_type=&#8221;row&#8221; use_row_as_full_screen_section=&#8221;no&#8221; type=&#8221;grid&#8221; angled_section=&#8221;no&#8221; text_align=&#8221;left&#8221; background_image_as_pattern=&#8221;without_pattern&#8221; z_index=&#8221;&#8221; background_color=&#8221;#FFFFFF&#8221; padding_top=&#8221;115&#8243; padding_bottom=&#8221;80&#8243;][vc_column][vc_column_text css=&#8221;&#8221;] Hacienda Albae is committed to caring for the planet and its sustainability. That is why since 2017 it has been carrying out all the activities that are encompassed in the estate in&#8230;<\/p>\n","protected":false},"author":3,"featured_media":0,"parent":0,"menu_order":0,"comment_status":"closed","ping_status":"closed","template":"full_width.php","meta":{"footnotes":""},"class_list":["post-7017","page","type-page","status-publish","hentry"],"yoast_head":"<!-- This site is optimized with the Yoast SEO plugin v27.4 - https:\/\/yoast.com\/product\/yoast-seo-wordpress\/ -->\n<title>Sustainability | Hacienda Albae<\/title>\n<meta name=\"description\" content=\"We are committed to caring for the planet, which is why our activities have been based on sustainability parameters since 2017.\" \/>\n<meta name=\"robots\" content=\"index, follow, max-snippet:-1, max-image-preview:large, max-video-preview:-1\" \/>\n<link rel=\"canonical\" href=\"https:\/\/www.haciendaalbae.com\/en\/sustainability\/\" \/>\n<meta property=\"og:locale\" content=\"en_US\" \/>\n<meta property=\"og:type\" content=\"article\" \/>\n<meta property=\"og:title\" content=\"Sustainability | Hacienda Albae\" \/>\n<meta property=\"og:description\" content=\"We are committed to caring for the planet, which is why our activities have been based on sustainability parameters since 2017.\" \/>\n<meta property=\"og:url\" content=\"https:\/\/www.haciendaalbae.com\/en\/sustainability\/\" \/>\n<meta property=\"og:site_name\" content=\"Hacienda Albae\" \/>\n<meta property=\"article:modified_time\" content=\"2024-11-15T15:42:18+00:00\" \/>\n<meta property=\"og:image\" content=\"https:\/\/www.haciendaalbae.com\/wp-content\/uploads\/2024\/09\/fondo_video_2.jpg\" \/>\n\t<meta property=\"og:image:width\" content=\"1920\" \/>\n\t<meta property=\"og:image:height\" content=\"1080\" \/>\n\t<meta property=\"og:image:type\" content=\"image\/jpeg\" \/>\n<meta name=\"twitter:card\" content=\"summary_large_image\" \/>\n<meta name=\"twitter:label1\" content=\"Est. reading time\" \/>\n\t<meta name=\"twitter:data1\" content=\"2 minutes\" \/>\n<script type=\"application\/ld+json\" class=\"yoast-schema-graph\">{\"@context\":\"https:\\\/\\\/schema.org\",\"@graph\":[{\"@type\":\"WebPage\",\"@id\":\"https:\\\/\\\/www.haciendaalbae.com\\\/en\\\/sustainability\\\/\",\"url\":\"https:\\\/\\\/www.haciendaalbae.com\\\/en\\\/sustainability\\\/\",\"name\":\"Sustainability | Hacienda Albae\",\"isPartOf\":{\"@id\":\"https:\\\/\\\/www.haciendaalbae.com\\\/en\\\/#website\"},\"datePublished\":\"2024-09-17T12:04:24+00:00\",\"dateModified\":\"2024-11-15T15:42:18+00:00\",\"description\":\"We are committed to caring for the planet, which is why our activities have been based on sustainability parameters since 2017.\",\"breadcrumb\":{\"@id\":\"https:\\\/\\\/www.haciendaalbae.com\\\/en\\\/sustainability\\\/#breadcrumb\"},\"inLanguage\":\"en-US\",\"potentialAction\":[{\"@type\":\"ReadAction\",\"target\":[\"https:\\\/\\\/www.haciendaalbae.com\\\/en\\\/sustainability\\\/\"]}]},{\"@type\":\"BreadcrumbList\",\"@id\":\"https:\\\/\\\/www.haciendaalbae.com\\\/en\\\/sustainability\\\/#breadcrumb\",\"itemListElement\":[{\"@type\":\"ListItem\",\"position\":1,\"name\":\"Portada\",\"item\":\"https:\\\/\\\/www.haciendaalbae.com\\\/en\\\/\"},{\"@type\":\"ListItem\",\"position\":2,\"name\":\"Sustainability\"}]},{\"@type\":\"WebSite\",\"@id\":\"https:\\\/\\\/www.haciendaalbae.com\\\/en\\\/#website\",\"url\":\"https:\\\/\\\/www.haciendaalbae.com\\\/en\\\/\",\"name\":\"Hacienda Albae\",\"description\":\"Hacienda Albae es m\u00e1s que una bodega, es un entorno dedicado al mundo del vino d\u00f3nde podremos sentir el proceso de elaboraci\u00f3n del mismo.\",\"publisher\":{\"@id\":\"https:\\\/\\\/www.haciendaalbae.com\\\/en\\\/#organization\"},\"potentialAction\":[{\"@type\":\"SearchAction\",\"target\":{\"@type\":\"EntryPoint\",\"urlTemplate\":\"https:\\\/\\\/www.haciendaalbae.com\\\/en\\\/?s={search_term_string}\"},\"query-input\":{\"@type\":\"PropertyValueSpecification\",\"valueRequired\":true,\"valueName\":\"search_term_string\"}}],\"inLanguage\":\"en-US\"},{\"@type\":\"Organization\",\"@id\":\"https:\\\/\\\/www.haciendaalbae.com\\\/en\\\/#organization\",\"name\":\"Hacienda Albae\",\"url\":\"https:\\\/\\\/www.haciendaalbae.com\\\/en\\\/\",\"logo\":{\"@type\":\"ImageObject\",\"inLanguage\":\"en-US\",\"@id\":\"https:\\\/\\\/www.haciendaalbae.com\\\/en\\\/#\\\/schema\\\/logo\\\/image\\\/\",\"url\":\"https:\\\/\\\/www.haciendaalbae.com\\\/wp-content\\\/uploads\\\/2024\\\/09\\\/logo_black_1.png\",\"contentUrl\":\"https:\\\/\\\/www.haciendaalbae.com\\\/wp-content\\\/uploads\\\/2024\\\/09\\\/logo_black_1.png\",\"width\":390,\"height\":155,\"caption\":\"Hacienda Albae\"},\"image\":{\"@id\":\"https:\\\/\\\/www.haciendaalbae.com\\\/en\\\/#\\\/schema\\\/logo\\\/image\\\/\"}}]}<\/script>\n<!-- \/ Yoast SEO plugin. -->","yoast_head_json":{"title":"Sustainability | Hacienda Albae","description":"We are committed to caring for the planet, which is why our activities have been based on sustainability parameters since 2017.","robots":{"index":"index","follow":"follow","max-snippet":"max-snippet:-1","max-image-preview":"max-image-preview:large","max-video-preview":"max-video-preview:-1"},"canonical":"https:\/\/www.haciendaalbae.com\/en\/sustainability\/","og_locale":"en_US","og_type":"article","og_title":"Sustainability | Hacienda Albae","og_description":"We are committed to caring for the planet, which is why our activities have been based on sustainability parameters since 2017.","og_url":"https:\/\/www.haciendaalbae.com\/en\/sustainability\/","og_site_name":"Hacienda Albae","article_modified_time":"2024-11-15T15:42:18+00:00","og_image":[{"width":1920,"height":1080,"url":"https:\/\/www.haciendaalbae.com\/wp-content\/uploads\/2024\/09\/fondo_video_2.jpg","type":"image\/jpeg"}],"twitter_card":"summary_large_image","twitter_misc":{"Est. reading time":"2 minutes"},"schema":{"@context":"https:\/\/schema.org","@graph":[{"@type":"WebPage","@id":"https:\/\/www.haciendaalbae.com\/en\/sustainability\/","url":"https:\/\/www.haciendaalbae.com\/en\/sustainability\/","name":"Sustainability | Hacienda Albae","isPartOf":{"@id":"https:\/\/www.haciendaalbae.com\/en\/#website"},"datePublished":"2024-09-17T12:04:24+00:00","dateModified":"2024-11-15T15:42:18+00:00","description":"We are committed to caring for the planet, which is why our activities have been based on sustainability parameters since 2017.","breadcrumb":{"@id":"https:\/\/www.haciendaalbae.com\/en\/sustainability\/#breadcrumb"},"inLanguage":"en-US","potentialAction":[{"@type":"ReadAction","target":["https:\/\/www.haciendaalbae.com\/en\/sustainability\/"]}]},{"@type":"BreadcrumbList","@id":"https:\/\/www.haciendaalbae.com\/en\/sustainability\/#breadcrumb","itemListElement":[{"@type":"ListItem","position":1,"name":"Portada","item":"https:\/\/www.haciendaalbae.com\/en\/"},{"@type":"ListItem","position":2,"name":"Sustainability"}]},{"@type":"WebSite","@id":"https:\/\/www.haciendaalbae.com\/en\/#website","url":"https:\/\/www.haciendaalbae.com\/en\/","name":"Hacienda Albae","description":"Hacienda Albae es m\u00e1s que una bodega, es un entorno dedicado al mundo del vino d\u00f3nde podremos sentir el proceso de elaboraci\u00f3n del mismo.","publisher":{"@id":"https:\/\/www.haciendaalbae.com\/en\/#organization"},"potentialAction":[{"@type":"SearchAction","target":{"@type":"EntryPoint","urlTemplate":"https:\/\/www.haciendaalbae.com\/en\/?s={search_term_string}"},"query-input":{"@type":"PropertyValueSpecification","valueRequired":true,"valueName":"search_term_string"}}],"inLanguage":"en-US"},{"@type":"Organization","@id":"https:\/\/www.haciendaalbae.com\/en\/#organization","name":"Hacienda Albae","url":"https:\/\/www.haciendaalbae.com\/en\/","logo":{"@type":"ImageObject","inLanguage":"en-US","@id":"https:\/\/www.haciendaalbae.com\/en\/#\/schema\/logo\/image\/","url":"https:\/\/www.haciendaalbae.com\/wp-content\/uploads\/2024\/09\/logo_black_1.png","contentUrl":"https:\/\/www.haciendaalbae.com\/wp-content\/uploads\/2024\/09\/logo_black_1.png","width":390,"height":155,"caption":"Hacienda Albae"},"image":{"@id":"https:\/\/www.haciendaalbae.com\/en\/#\/schema\/logo\/image\/"}}]}},"jetpack_sharing_enabled":true,"_links":{"self":[{"href":"https:\/\/www.haciendaalbae.com\/en\/wp-json\/wp\/v2\/pages\/7017","targetHints":{"allow":["GET"]}}],"collection":[{"href":"https:\/\/www.haciendaalbae.com\/en\/wp-json\/wp\/v2\/pages"}],"about":[{"href":"https:\/\/www.haciendaalbae.com\/en\/wp-json\/wp\/v2\/types\/page"}],"author":[{"embeddable":true,"href":"https:\/\/www.haciendaalbae.com\/en\/wp-json\/wp\/v2\/users\/3"}],"replies":[{"embeddable":true,"href":"https:\/\/www.haciendaalbae.com\/en\/wp-json\/wp\/v2\/comments?post=7017"}],"version-history":[{"count":3,"href":"https:\/\/www.haciendaalbae.com\/en\/wp-json\/wp\/v2\/pages\/7017\/revisions"}],"predecessor-version":[{"id":7020,"href":"https:\/\/www.haciendaalbae.com\/en\/wp-json\/wp\/v2\/pages\/7017\/revisions\/7020"}],"wp:attachment":[{"href":"https:\/\/www.haciendaalbae.com\/en\/wp-json\/wp\/v2\/media?parent=7017"}],"curies":[{"name":"wp","href":"https:\/\/api.w.org\/{rel}","templated":true}]}}